{"id":7912,"date":"2018-05-25T01:53:18","date_gmt":"2018-05-24T23:53:18","guid":{"rendered":"https:\/\/eisbaerlin.de\/blog\/?page_id=7912"},"modified":"2020-11-29T13:27:51","modified_gmt":"2020-11-29T12:27:51","slug":"datenschutz","status":"publish","type":"page","link":"https:\/\/eisbaerlin.de\/blog\/datenschutz\/","title":{"rendered":"Datenschutzerkl\u00e4rung"},"content":{"rendered":"\n<h2 class=\"wp-block-heading\">Wer wir sind<\/h2>\n\n\n\n<p>Die Adresse unserer Website lautet:<\/p>\n\n\n\n<p><a href=\"https:\/\/eisbaerlin.de\">https:\/\/eisbaerlin.de<\/a><\/p>\n\n\n\n<h2 class=\"wp-block-heading\">Welche personenbezogenen Daten wir sammeln und warum wir sie sammeln<\/h2>\n\n\n\n<h3 class=\"wp-block-heading\">Kommentare<\/h3>\n\n\n\n<p>Besucher k\u00f6nnen&nbsp;<em>keine<\/em>&nbsp;Kommentare auf der Website schreiben.<\/p>\n\n\n\n<h3 class=\"wp-block-heading\">Medien<\/h3>\n\n\n\n<p>Es k\u00f6nnen durch Benutzer keine Medien auf die Webseite hochgeladen werden.<\/p>\n\n\n\n<h3 class=\"wp-block-heading\">Kontaktformulare<\/h3>\n\n\n\n<p>Es gibt keine Kontaktformulare.<\/p>\n\n\n\n<h3 class=\"wp-block-heading\">Cookies<\/h3>\n\n\n\n<p>Es werden auf dieser Webseite nur tempor\u00e4re Cookies, die vom CMS \u201eWordPress\u201c ben\u00f6tigt werden, eingesetzt.<\/p>\n\n\n\n<p>Zudem werden Cookies f\u00fcr die Funktion zur Erstellung von Zugriffsstatistiken \u201eJetpack\u201c (siehe Abschnitt weiter unten) verwendet.<\/p>\n\n\n\n<p>Fragen zu einzelnen Cookies dieser Webseite beantworten wir gern \u00fcber die E-Mail-Adresse<\/p>\n\n\n\n<p>cookies.webseite[at]eisbaerlin.de<\/p>\n\n\n\n<h3 class=\"wp-block-heading\">Eingebettete Inhalte von anderen Websites<\/h3>\n\n\n\n<p>Beitr\u00e4ge auf dieser Website k\u00f6nnen eingebettete Inhalte beinhalten (z.&nbsp;B. Videos, Bilder, Beitr\u00e4ge etc.). Eingebettete Inhalte von anderen Websites verhalten sich exakt so, als ob der Besucher die andere Website besucht h\u00e4tte.<\/p>\n\n\n\n<p>Diese Websites k\u00f6nnen Daten \u00fcber dich sammeln, Cookies benutzen, zus\u00e4tzliche Tracking-Dienste von Dritten einbetten und deine Interaktion mit diesem eingebetteten Inhalt aufzeichnen, inklusive deiner Interaktion mit dem eingebetteten Inhalt, falls du ein Konto hast und auf dieser Website angemeldet bist.<\/p>\n\n\n\n<h2 class=\"wp-block-heading\">Mit wem wir deine Daten teilen<\/h2>\n\n\n\n<p>Wir teilen keine Deiner Daten mit externen Stellen. Alle Daten die beim Aufrufen dieser Webseite anfallen, werden werden in einem Rechenzentrum (Zertifizierung nach ISO 27001) in Berlin verarbeitet. Fragen hierzu beantworten wir gern per Mail.<\/p>\n\n\n\n<h2 class=\"wp-block-heading\">Wie lange wir deine Daten speichern<\/h2>\n\n\n\n<p>Die Informationen \u00fcber die besuchte Webseite, die IP-Adresse und Datum des Aufruf werden nach den gesetzlichen Vorschriften beim Provider verarbeitet und ggf. gespeichert.<\/p>\n\n\n\n<h2 class=\"wp-block-heading\">Welche Rechte du an deinen Daten hast<\/h2>\n\n\n\n<p>Dieser Punkt entf\u00e4llt, da ein Benutzer keine Profile anlegen oder Kommentare schreiben kann.<\/p>\n\n\n\n<h2 class=\"wp-block-heading\">Wohin wir deine Daten senden<\/h2>\n\n\n\n<p>Dieser Punkt entf\u00e4llt, da keine Daten von dieser Webseite extern gesendet werden.<\/p>\n\n\n\n<h2 class=\"wp-block-heading\">Deine Kontakt-Informationen<\/h2>\n\n\n\n<p>F\u00fcr alle Anfragen zum Datenschutz stehen wir unter der folgenden E-Mail-Adresse zur Verf\u00fcgung:<\/p>\n\n\n\n<p>datenschutz.webseite[ auf ]eisbaerlin.de<\/p>\n\n\n\n<h2 class=\"wp-block-heading\">Welche personenbezogenen Daten wir sammeln und warum wir sie sammeln<\/h2>\n\n\n\n<h3 class=\"wp-block-heading\">Kommentare<\/h3>\n\n\n\n<p>Entf\u00e4llt, da die Kommentarfunltion auf der Webseite deaktiviert ist.<\/p>\n\n\n\n<h3 class=\"wp-block-heading\">Medien<\/h3>\n\n\n\n<p>Entf\u00e4llt, da die Upload-Funktion von Medien auf der Webseite deaktiviert ist.<\/p>\n\n\n\n<h3 class=\"wp-block-heading\">Kontaktformulare<\/h3>\n\n\n\n<p>Entf\u00e4llt, da es auf der Webseite keine Kontaktformulare gibt.<\/p>\n\n\n\n<h3 class=\"wp-block-heading\">Cookies<\/h3>\n\n\n\n<p>Es werden f\u00fcr die korrekte Funktionsweise der Webseite u.U. tempor\u00e4re Cookies f\u00fcr Navigation zwischen den einzelnen Seiten des Webangebots durch das CMS WordPress verwendet.<\/p>\n\n\n\n<p>Fragen zu einzelnen Cookies dieser Webseite beantworten wir gern \u00fcber die E-Mail-Adresse<\/p>\n\n\n\n<p>cookies.webseite[ auf ]eisbaerlin.de<\/p>\n\n\n\n<h3 class=\"wp-block-heading\">Eingebettete Inhalte von anderen Websites<\/h3>\n\n\n\n<p>Beitr\u00e4ge auf dieser Website k\u00f6nnen eingebettete Inhalte beinhalten (z.&nbsp;B. Videos, Bilder, Beitr\u00e4ge etc.). Eingebettete Inhalte von anderen Websites verhalten sich exakt so, als ob der Besucher die andere Website besucht h\u00e4tte.<\/p>\n\n\n\n<p>Diese Websites k\u00f6nnen Daten \u00fcber dich sammeln, Cookies benutzen, zus\u00e4tzliche Tracking-Dienste von Dritten einbetten und deine Interaktion mit diesem eingebetteten Inhalt aufzeichnen, inklusive deiner Interaktion mit dem eingebetteten Inhalt, falls du ein Konto hast und auf dieser Website angemeldet bist.<\/p>\n\n\n\n<h3 class=\"wp-block-heading\">Analysedienste<\/h3>\n\n\n\n<h5 class=\"wp-block-heading\">Matomo<\/h5>\n\n\n\n<p><\/p><p>Wir verwenden auf unserer Webseite \u201eMatomo\u201c (ehemals \u201ePiwak\u201c), einen Webanalysedienst.<\/p> [matomo_opt_out]\n\n\n\n<h2 class=\"wp-block-heading\">Mit wem wir deine Daten teilen<\/h2>\n\n\n\n<p>Wir teilen deine Daten (Notwendige Daten f\u00fcr den Betrieb der Webseite wie Zugriffszeitpunkt, IP-Adresse etc.) mit dem Internet Provider.<\/p>\n\n\n\n<p>Zu Zwecken der Erstellung von Zugriffsstatistiken werden mit Matomo (n\u00e4here Informationen siehe obiger Abschnitt) k\u00f6nnen ggf. Informationen gesendet werdwn..<\/p>\n\n\n\n<h2 class=\"wp-block-heading\">Wie lange wir deine Daten speichern<\/h2>\n\n\n\n<p>Unser Provider speichert die Verkehrsdaten (Zugriffszeitpunkt, aufgerufene Adresse, IP-Adresse etc.) nach den gesetzlichen Vorgaben. Fragen hierzu gern via<\/p>\n\n\n\n<p>datenschutz.webseite[ auf ]eisbaerlin.de<\/p>\n\n\n\n<h2 class=\"wp-block-heading\">Welche Rechte du an deinen Daten hast<\/h2>\n\n\n\n<p>Es werden von Dir, au\u00dfer den Verkehrsdaten (Zugriffszeitpunkt, aufgerufene Adresse, IP-Adresse etc.), keine weitere Daten gespeichert.<\/p>\n\n\n\n<p>F\u00fcr uns besteht keine M\u00f6glichkeit mit vertretbarem Aufwand, die Verkehrsdaten mit Deiner Person in Verbindung zu bringen. Anfragen zu bestimmten Verkehrsdaten, sofern uns Anhaltspunkte f\u00fcr eine Recherche genannt werden, k\u00f6nnen an datenschutz.webseite@fernsehturm.net gerichtet werden.<\/p>\n\n\n\n<h2 class=\"wp-block-heading\">Wohin wir deine Daten senden<\/h2>\n\n\n\n<p>Zu Zwecken der Erstellung von Zugriffsstatistiken werden mit dem PlugIn Jetpack (n\u00e4here Informationen siehe obiger Absatz) Daten auf auf wordpress.com gesendet.<\/p>\n\n\n\n<h2 class=\"wp-block-heading\">Deine Kontakt-Informationen<\/h2>\n\n\n\n<p>info[ auf ]eisbaerlin.de<\/p>\n\n\n\n<h2 class=\"wp-block-heading\">Weitere Informationen<\/h2>\n\n\n\n<h3 class=\"wp-block-heading\">Wie wir deine Daten sch\u00fctzen<\/h3>\n\n\n\n<p>Unser Provider ist f\u00fcr den Anwendungsbereich seines Rechenzentrums nach IS027001 zertifiziert. Mit dem Zertifikat wird ihm best\u00e4tigt, dass er f\u00fcr seinen Anwendungsbereich ein sogenanntes Informationssicherheitsmanagementsystem (ISMS) betreibt und entsprechende Ma\u00dfnahmen zum Schutz der verabeiteten Daten umgesetzt hat.<\/p>\n\n\n\n<p>Weitere Fragen gern per E-Mail an<\/p>\n\n\n\n<p>isms.provider[ auf ]eisbaerlin.de<\/p>\n\n\n\n<h3 class=\"wp-block-heading\">Welche Ma\u00dfnahmen wir bei Datenschutzverletzungen anbieten<\/h3>\n\n\n\n<p>Bei Datenschutzverletzungen bieten wir den zeitnahe, telefonische Kontaktaufnahme (Telefonnummer stellen wir \u00fcber kontakt.webseite[ auf ]eisbaerlin.de bereit) an.<\/p>\n\n\n\n<h3 class=\"wp-block-heading\">Von welchen Drittanbietern wir Daten erhalten<\/h3>\n\n\n\n<p>Drittanbieter werden nur via Einbettung eingebunden. Eine Speicherung dieser Daten findet auf dieser Webseite nicht statt. Die Daten werden beim Drittanbieter verarbeitet und hier nur eingebettet angezeigt.<\/p>\n\n\n\n<h3 class=\"wp-block-heading\">Welche automatisierte Entscheidungsfindung und\/oder Profilerstellung wir mit Benutzerdaten durchf\u00fchren<\/h3>\n\n\n\n<p>Entf\u00e4llt, da keine Profilerstellung auf der Webseite stattfindet.<\/p>\n\n\n\n<h3 class=\"wp-block-heading\">Industrielle aufsichtsrechtliche Regulierungsanforderungen<\/h3>\n\n\n\n<p>Entf\u00e4llt, da diese f\u00fcr die privat betriebene Webseite nicht gefordert sind.<\/p>\n\n\n\n<h3 class=\"wp-block-heading\">Schlussbemerkung<\/h3>\n\n\n\n<p>Bitte kontaktieren Sie uns auch bei einem Verdacht einer Datenschutzverletzung, damit wir diesen zeitnah kl\u00e4ren und wenn es eine Datenschutzverletzung ist, diese zeitnah beheben k\u00f6nnen.<\/p>\n\n\n\n<p>Vielen Dank f\u00fcr Ihre Unterst\u00fctzung.<\/p>\n","protected":false},"excerpt":{"rendered":"<p>Wer wir sind Die Adresse unserer Website lautet: https:\/\/eisbaerlin.de Welche personenbezogenen Daten wir sammeln und warum wir sie sammeln Kommentare Besucher k\u00f6nnen&nbsp;keine&nbsp;Kommentare auf der Website schreiben. Medien Es k\u00f6nnen durch Benutzer keine Medien auf die Webseite hochgeladen werden. Kontaktformulare Es gibt keine Kontaktformulare. Cookies Es werden auf dieser Webseite nur&#8230; <a class=\"continue-reading-link\" href=\"https:\/\/eisbaerlin.de\/blog\/datenschutz\/\">Continue reading<\/a><\/p>\n","protected":false},"author":8,"featured_media":0,"parent":0,"menu_order":0,"comment_status":"closed","ping_status":"closed","template":"","meta":{"footnotes":""},"class_list":["post-7912","page","type-page","status-publish","hentry"],"_links":{"self":[{"href":"https:\/\/eisbaerlin.de\/blog\/wp-json\/wp\/v2\/pages\/7912","targetHints":{"allow":["GET"]}}],"collection":[{"href":"https:\/\/eisbaerlin.de\/blog\/wp-json\/wp\/v2\/pages"}],"about":[{"href":"https:\/\/eisbaerlin.de\/blog\/wp-json\/wp\/v2\/types\/page"}],"author":[{"embeddable":true,"href":"https:\/\/eisbaerlin.de\/blog\/wp-json\/wp\/v2\/users\/8"}],"replies":[{"embeddable":true,"href":"https:\/\/eisbaerlin.de\/blog\/wp-json\/wp\/v2\/comments?post=7912"}],"version-history":[{"count":10,"href":"https:\/\/eisbaerlin.de\/blog\/wp-json\/wp\/v2\/pages\/7912\/revisions"}],"predecessor-version":[{"id":9133,"href":"https:\/\/eisbaerlin.de\/blog\/wp-json\/wp\/v2\/pages\/7912\/revisions\/9133"}],"wp:attachment":[{"href":"https:\/\/eisbaerlin.de\/blog\/wp-json\/wp\/v2\/media?parent=7912"}],"curies":[{"name":"wp","href":"https:\/\/api.w.org\/{rel}","templated":true}]}}